{"id":77,"date":"2021-03-11T05:33:55","date_gmt":"2021-03-11T05:33:55","guid":{"rendered":"https:\/\/bkrd.kifst.hr\/?page_id=77"},"modified":"2026-01-11T20:55:59","modified_gmt":"2026-01-11T20:55:59","slug":"ciljevi","status":"publish","type":"page","link":"https:\/\/twinswins.kifst.hr\/?page_id=77","title":{"rendered":"Ciljevi"},"content":{"rendered":"\n<p><strong><em>Generalni cilj projekta:<\/em><\/strong><em> Unaprijediti dijagnosti\u010dke postupke i istra\u017eitiutjecaj\/odnos genetskog naslije\u0111a, okoline, biolo\u0161ke dobi, funkcionalnosti mi\u0161i\u0107nih vlakana na funkcionalnost izvedbe i razvoj sportskih talenata.<\/em><\/p>\n\n\n\n<p><em>Za potrebe realizacije projektnih aktivnosti generalni cilj smo ras\u010dlanili na 5 specifi\u010dnih ciljeva (2 dru\u0161tveno korisna u fukciji 3 znanstvena):<\/em><\/p>\n\n\n\n<ul class=\"wp-block-list\">\n<li><strong><em>C1. <\/em><\/strong><em>Povezivanjem klju\u010dnih dionika oja\u010dati znanstveni potencijal razvoja sportskih talenata u Hrvatskoj i Sloveniji<\/em><\/li>\n\n\n\n<li><strong><em>C2.<\/em><\/strong><em> Procjeniti ko\u0161tanu dob i ispitati upotrebnu vrijednost novkonstruiranog metodolo\u0161kog pristupa za komparativnu analizu Efekta relativne dobi (RAE) u razli\u010ditim sportovima (ZI Tema 1: RAE&amp;KD)<\/em><\/li>\n\n\n\n<li><strong><em>C3.<\/em><\/strong><em> Istra\u017eiti potencijal i provjeriti upotrebnu vrijednost Tensiomiografije kao neinvazivne metodologije u procjeni postotka brzih i sporih mi\u0161i\u0107nih vlakana kod najmla\u0111e populacije \u00a0(ZI Tema 2: TMG)<\/em><\/li>\n\n\n\n<li><strong><em>C4.<\/em><\/strong><em> Prou\u010diti utjecaj\/odnos genetskog naslije\u0111a, biolo\u0161ke dobi, kontraktilnih svojstava mi\u0161i\u0107a, izvedbe i rezultatske uspje\u0161nosti mladih sporta\u0161a (ZI Tema 3: GAP)<\/em><\/li>\n\n\n\n<li><strong><em>C5<\/em><\/strong><em>. Oja\u010dati svijest o va\u017enosti znanstvenog pristupa u razvoju sportskih talenata<\/em><\/li>\n<\/ul>\n\n\n\n<p><a href=\"https:\/\/bkrd.kifst.hr\/?page_id=175\" data-type=\"URL\" data-id=\"https:\/\/bkrd.kifst.hr\/?page_id=175\">&gt;&gt;&gt;Metode<\/a><\/p>\n","protected":false},"excerpt":{"rendered":"<p>Generalni cilj projekta: Unaprijediti dijagnosti\u010dke postupke i istra\u017eitiutjecaj\/odnos genetskog naslije\u0111a, okoline, biolo\u0161ke dobi, funkcionalnosti mi\u0161i\u0107nih vlakana na funkcionalnost izvedbe i razvoj sportskih talenata. Za potrebe realizacije projektnih aktivnosti generalni cilj smo ras\u010dlanili na 5 specifi\u010dnih ciljeva (2 dru\u0161tveno korisna u fukciji 3 znanstvena): &gt;&gt;&gt;Metode<\/p>\n","protected":false},"author":1,"featured_media":0,"parent":0,"menu_order":0,"comment_status":"closed","ping_status":"closed","template":"","meta":{"footnotes":""},"class_list":["post-77","page","type-page","status-publish","hentry"],"_links":{"self":[{"href":"https:\/\/twinswins.kifst.hr\/index.php?rest_route=\/wp\/v2\/pages\/77","targetHints":{"allow":["GET"]}}],"collection":[{"href":"https:\/\/twinswins.kifst.hr\/index.php?rest_route=\/wp\/v2\/pages"}],"about":[{"href":"https:\/\/twinswins.kifst.hr\/index.php?rest_route=\/wp\/v2\/types\/page"}],"author":[{"embeddable":true,"href":"https:\/\/twinswins.kifst.hr\/index.php?rest_route=\/wp\/v2\/users\/1"}],"replies":[{"embeddable":true,"href":"https:\/\/twinswins.kifst.hr\/index.php?rest_route=%2Fwp%2Fv2%2Fcomments&post=77"}],"version-history":[{"count":5,"href":"https:\/\/twinswins.kifst.hr\/index.php?rest_route=\/wp\/v2\/pages\/77\/revisions"}],"predecessor-version":[{"id":815,"href":"https:\/\/twinswins.kifst.hr\/index.php?rest_route=\/wp\/v2\/pages\/77\/revisions\/815"}],"wp:attachment":[{"href":"https:\/\/twinswins.kifst.hr\/index.php?rest_route=%2Fwp%2Fv2%2Fmedia&parent=77"}],"curies":[{"name":"wp","href":"https:\/\/api.w.org\/{rel}","templated":true}]}}