{"id":76,"date":"2021-03-11T05:33:55","date_gmt":"2021-03-11T05:33:55","guid":{"rendered":"https:\/\/bkrd.kifst.hr\/?page_id=76"},"modified":"2026-01-11T20:44:53","modified_gmt":"2026-01-11T20:44:53","slug":"sazetak","status":"publish","type":"page","link":"https:\/\/twinswins.kifst.hr\/?page_id=76","title":{"rendered":"Sa\u017eetak"},"content":{"rendered":"<p><style type=\"text\/css\"><\/style><\/p>\n\n<p>Bilateralni Hrvatsko-Slovenski multidisciplinarni Projekt &#8221;Uloga genetike, biolo\u0161ke dobi i karakteristika mi\u0161i\u0107nih vlakana u razvoju talenta i sportskoj izvedbi: Studija na blizancima&#8221; (TWINSWINS) istra\u017euje kako genetski, biolo\u0161ki i okoli\u0161ni \u010dimbenici utje\u010du na razvoj sportskih talenta. Projekt se temelji se na prethodnim istra\u017eivanjima koja su pokazala potrebu za pobolj\u0161anjem procesa razvoja mladih sporta\u0161a\u00a0 Uklju\u010duju\u0107i multidisciplinarne stru\u010dnjake iz kineziologije, biomedicine, biotehnologije i sociologije, projekt koristi neinvazivne suvremene tehnologije poput tensiomiografije (TMG), termografije i ultrazvu\u010dne procjene ko\u0161tane dobi (SonicBone) za analizu mladih hrvatskih sporta\u0161a uklju\u010duju\u0107i i uzorak jednojaj\u010danih\/dvojaj\u010danih blizanca i njihovih roditelja. Cilj je unaprijediti dijagnosti\u010dke alate kako bi se omogu\u0107ilo preciznije pra\u0107enje i razvoj mladih sporta\u0161a. O\u010dekuje se da \u0107e rezultati\u00a0 unaprijediti identifikaciju i razvoj mladih sporta\u0161a, pru\u017eaju\u0107i bolje razumijevanje efekta relativne dobi (RAE) i genetskih predispozicija. Znanstveni doprinosi uklju\u010duju publiciranje rezultata u presti\u017enim \u010dasopisima i pohranu podataka u otvorene baze, omogu\u0107avaju\u0107i daljnje analize. Dru\u0161tvenokorisni u\u010dinci projekta su pobolj\u0161anje treninga i selekcije, \u0161to mo\u017ee smanjiti sportske ozljede, i odustajanje od bavljenja sportom. Krajnji korisnici su sporta\u0161i, roditelji, treneri, sportske akademije, klubovi, nacionalni sportski savezi, obrazovne institucije i sportski radnici. &#8221;TWINSWINS&#8221; projekt\u00a0 mo\u017ee transformirati pristup treniranju, poti\u010du\u0107i holisti\u010dki pristup u razvoju mladih sporta\u0161a koji uzima u obzir etiku, genetiku, okoli\u0161 i biolo\u0161ku dob, pridonose\u0107i znanstvenoj zajednici i dru\u0161tvenoj primjeni u sportu i obrazovanju.<\/p>\n\n\n<\/p>\n<p><a href=\"https:\/\/bkrd.kifst.hr\/?page_id=173\" data-type=\"URL\" data-id=\"https:\/\/bkrd.kifst.hr\/?page_id=173\">>>>Uvod\/Problem<\/a><\/p>\n<p>\n\n\n<\/p>\n<\/div>\n<\/div>\n<\/div>\n<\/div>\n<\/div>\n<\/section>","protected":false},"excerpt":{"rendered":"<p>Bilateralni Hrvatsko-Slovenski multidisciplinarni Projekt &#8221;Uloga genetike, biolo\u0161ke dobi i karakteristika mi\u0161i\u0107nih vlakana u razvoju talenta i sportskoj izvedbi: Studija na blizancima&#8221; (TWINSWINS) istra\u017euje kako genetski, biolo\u0161ki i okoli\u0161ni \u010dimbenici utje\u010du na razvoj sportskih talenta. Projekt se temelji se na prethodnim istra\u017eivanjima koja su pokazala potrebu za pobolj\u0161anjem procesa razvoja mladih&#8230;<\/p>\n","protected":false},"author":1,"featured_media":0,"parent":0,"menu_order":0,"comment_status":"closed","ping_status":"closed","template":"","meta":{"footnotes":""},"class_list":["post-76","page","type-page","status-publish","hentry"],"_links":{"self":[{"href":"https:\/\/twinswins.kifst.hr\/index.php?rest_route=\/wp\/v2\/pages\/76","targetHints":{"allow":["GET"]}}],"collection":[{"href":"https:\/\/twinswins.kifst.hr\/index.php?rest_route=\/wp\/v2\/pages"}],"about":[{"href":"https:\/\/twinswins.kifst.hr\/index.php?rest_route=\/wp\/v2\/types\/page"}],"author":[{"embeddable":true,"href":"https:\/\/twinswins.kifst.hr\/index.php?rest_route=\/wp\/v2\/users\/1"}],"replies":[{"embeddable":true,"href":"https:\/\/twinswins.kifst.hr\/index.php?rest_route=%2Fwp%2Fv2%2Fcomments&post=76"}],"version-history":[{"count":4,"href":"https:\/\/twinswins.kifst.hr\/index.php?rest_route=\/wp\/v2\/pages\/76\/revisions"}],"predecessor-version":[{"id":811,"href":"https:\/\/twinswins.kifst.hr\/index.php?rest_route=\/wp\/v2\/pages\/76\/revisions\/811"}],"wp:attachment":[{"href":"https:\/\/twinswins.kifst.hr\/index.php?rest_route=%2Fwp%2Fv2%2Fmedia&parent=76"}],"curies":[{"name":"wp","href":"https:\/\/api.w.org\/{rel}","templated":true}]}}