{"id":71,"date":"2021-03-11T05:33:55","date_gmt":"2021-03-11T05:33:55","guid":{"rendered":"https:\/\/bkrd.kifst.hr\/?page_id=71"},"modified":"2026-01-11T20:40:01","modified_gmt":"2026-01-11T20:40:01","slug":"istrazivaci","status":"publish","type":"page","link":"https:\/\/twinswins.kifst.hr\/?page_id=71","title":{"rendered":"Istra\u017eiva\u010di"},"content":{"rendered":"\n<h2 class=\"wp-block-heading has-text-align-center\" id=\"glavni-istrazivac\"><strong>Glavni istra\u017eiva\u010d<\/strong><\/h2>\n\n\n\n<figure class=\"wp-block-table\"><table><tbody><tr><td><img loading=\"lazy\" decoding=\"async\" width=\"150\" height=\"189\" class=\"wp-image-318\" style=\"width: 150px;\" src=\"https:\/\/bkrd.kifst.hr\/wp-content\/uploads\/2021\/03\/DCular.png\" alt=\"\" srcset=\"https:\/\/twinswins.kifst.hr\/wp-content\/uploads\/2021\/03\/DCular.png 397w, https:\/\/twinswins.kifst.hr\/wp-content\/uploads\/2021\/03\/DCular-238x300.png 238w\" sizes=\"auto, (max-width: 150px) 100vw, 150px\" \/><\/td><\/tr><tr><td><a href=\"http:\/\/drazencular.com\" data-type=\"URL\" data-id=\"drazencular.com\">dr. sc. Dra\u017een \u010cular<\/a><\/td><\/tr><\/tbody><\/table><\/figure>\n\n\n\n<h2 class=\"wp-block-heading has-text-align-center\" id=\"kinezioloski-tim\"><strong>Kineziolo\u0161ki tim<\/strong><\/h2>\n\n\n\n<figure class=\"wp-block-table\"><table><tbody><tr><td><img loading=\"lazy\" decoding=\"async\" width=\"150\" height=\"300\" class=\"wp-image-351\" style=\"width: 150px;\" src=\"https:\/\/bkrd.kifst.hr\/wp-content\/uploads\/2021\/03\/AKezic.jpg\" alt=\"\"><\/td><td><\/td><td><\/td><\/tr><tr><td>dr. sc. Ana Kezi\u0107<\/td><td>dr. sc. Joseph Baker (CAN)<\/td><td>dr. sc. Johnny Padulo (ITA)<\/td><\/tr><tr><td><\/td><td><\/td><td><img loading=\"lazy\" decoding=\"async\" width=\"180\" height=\"241\" class=\"wp-image-765\" style=\"width: 180px;\" src=\"https:\/\/bkrd.kifst.hr\/wp-content\/uploads\/2022\/02\/Screenshot-2022-02-16-at-19.46.51.png\" alt=\"\"><\/td><\/tr><tr><td>dr. sc. Armin Paravi\u0107 (SLO)<\/td><td>dr. sc. Marijana \u010cavala<\/td><td>dr. sc. Tea Be\u0161lija<br><\/td><\/tr><\/tbody><\/table><\/figure>\n\n\n\n<h2 class=\"wp-block-heading has-text-align-center\" id=\"biomedicinski-tim\"><strong>Biomedicinski tim<\/strong><\/h2>\n\n\n\n<figure class=\"wp-block-table\"><table><tbody><tr><td><img loading=\"lazy\" decoding=\"async\" width=\"150\" height=\"300\" class=\"wp-image-356\" style=\"width: 150px;\" src=\"https:\/\/bkrd.kifst.hr\/wp-content\/uploads\/2021\/03\/VIvancev.jpg\" alt=\"\"><\/td><td><\/td><td><img loading=\"lazy\" decoding=\"async\" width=\"150\" height=\"300\" class=\"wp-image-352\" style=\"width: 150px;\" src=\"https:\/\/bkrd.kifst.hr\/wp-content\/uploads\/2021\/03\/DZubac.png\" alt=\"\"><\/td><td><\/td><\/tr><tr><td>dr. sc. Vladimir Ivan\u010dev<\/td><td><\/td><td>dr. sc. Damir Zubac (GER)<\/td><td><\/td><\/tr><\/tbody><\/table><\/figure>\n\n\n\n<h2 class=\"wp-block-heading has-text-align-center\" id=\"biotehnoloski-tim-psiholoski-tim\"><strong>Biotehnologija<\/strong><\/h2>\n\n\n\n<figure class=\"wp-block-table\"><table><tbody><tr><td class=\"has-text-align-left\" data-align=\"left\"><\/td><td><img loading=\"lazy\" decoding=\"async\" width=\"150\" height=\"300\" class=\"wp-image-505\" style=\"width: 150px;\" src=\"https:\/\/bkrd.kifst.hr\/wp-content\/uploads\/2021\/04\/N-Briski.png\" alt=\"\"><\/td><td class=\"has-text-align-center\" data-align=\"center\"><\/td><td><\/td><\/tr><tr><td class=\"has-text-align-left\" data-align=\"left\"><\/td><td>dr. sc. Nina Bri\u0161ki<\/td><td class=\"has-text-align-center\" data-align=\"center\"><\/td><td><\/td><\/tr><\/tbody><\/table><\/figure>\n\n\n\n<p class=\"has-text-align-center\"><strong>Sociologija<\/strong><\/p>\n\n\n\n<figure class=\"wp-block-table\"><table><tbody><tr><td class=\"has-text-align-left\" data-align=\"left\"><\/td><td><\/td><td class=\"has-text-align-center\" data-align=\"center\"><\/td><td><\/td><\/tr><tr><td class=\"has-text-align-left\" data-align=\"left\"><\/td><td>dr. sc. Tea Gutovi\u0107<\/td><td class=\"has-text-align-center\" data-align=\"center\"><\/td><td><\/td><\/tr><\/tbody><\/table><\/figure>\n\n\n\n<p class=\"has-text-align-center\"><\/p>\n\n\n\n<p><\/p>\n","protected":false},"excerpt":{"rendered":"<p>Glavni istra\u017eiva\u010d dr. sc. Dra\u017een \u010cular Kineziolo\u0161ki tim dr. sc. Ana Kezi\u0107 dr. sc. Joseph Baker (CAN) dr. sc. Johnny Padulo (ITA) dr. sc. Armin Paravi\u0107 (SLO) dr. sc. Marijana \u010cavala dr. sc. Tea Be\u0161lija Biomedicinski tim dr. sc. Vladimir Ivan\u010dev dr. sc. Damir Zubac (GER) Biotehnologija dr. sc. Nina&#8230;<\/p>\n","protected":false},"author":1,"featured_media":0,"parent":0,"menu_order":0,"comment_status":"closed","ping_status":"closed","template":"","meta":{"footnotes":""},"class_list":["post-71","page","type-page","status-publish","hentry"],"_links":{"self":[{"href":"https:\/\/twinswins.kifst.hr\/index.php?rest_route=\/wp\/v2\/pages\/71","targetHints":{"allow":["GET"]}}],"collection":[{"href":"https:\/\/twinswins.kifst.hr\/index.php?rest_route=\/wp\/v2\/pages"}],"about":[{"href":"https:\/\/twinswins.kifst.hr\/index.php?rest_route=\/wp\/v2\/types\/page"}],"author":[{"embeddable":true,"href":"https:\/\/twinswins.kifst.hr\/index.php?rest_route=\/wp\/v2\/users\/1"}],"replies":[{"embeddable":true,"href":"https:\/\/twinswins.kifst.hr\/index.php?rest_route=%2Fwp%2Fv2%2Fcomments&post=71"}],"version-history":[{"count":26,"href":"https:\/\/twinswins.kifst.hr\/index.php?rest_route=\/wp\/v2\/pages\/71\/revisions"}],"predecessor-version":[{"id":808,"href":"https:\/\/twinswins.kifst.hr\/index.php?rest_route=\/wp\/v2\/pages\/71\/revisions\/808"}],"wp:attachment":[{"href":"https:\/\/twinswins.kifst.hr\/index.php?rest_route=%2Fwp%2Fv2%2Fmedia&parent=71"}],"curies":[{"name":"wp","href":"https:\/\/api.w.org\/{rel}","templated":true}]}}