{"id":70,"date":"2021-03-11T05:33:55","date_gmt":"2021-03-11T05:33:55","guid":{"rendered":"https:\/\/bkrd.kifst.hr\/?page_id=70"},"modified":"2026-01-11T20:06:30","modified_gmt":"2026-01-11T20:06:30","slug":"voditelj-autor","status":"publish","type":"page","link":"https:\/\/twinswins.kifst.hr\/?page_id=70","title":{"rendered":"Voditelj\/Glavni Istra\u017eiva\u010d"},"content":{"rendered":"\n<div class=\"wp-block-columns is-layout-flex wp-container-core-columns-is-layout-9d6595d7 wp-block-columns-is-layout-flex\">\n<div class=\"wp-block-column is-layout-flow wp-block-column-is-layout-flow\" style=\"flex-basis:100%\">\n<div class=\"wp-block-columns is-layout-flex wp-container-core-columns-is-layout-9d6595d7 wp-block-columns-is-layout-flex\">\n<div class=\"wp-block-column is-layout-flow wp-block-column-is-layout-flow\" style=\"flex-basis:100%\">\n<div class=\"wp-block-group\"><div class=\"wp-block-group__inner-container is-layout-flow wp-block-group-is-layout-flow\">\n<div class=\"wp-block-columns is-layout-flex wp-container-core-columns-is-layout-9d6595d7 wp-block-columns-is-layout-flex\">\n<div class=\"wp-block-column is-layout-flow wp-block-column-is-layout-flow\" style=\"flex-basis:33.33%\"><div class=\"wp-block-image is-style-rounded\">\n<figure class=\"alignleft size-large is-resized\"><a href=\"http:\/\/drazencular.com\/hr\/\"><img loading=\"lazy\" decoding=\"async\" width=\"784\" height=\"1024\" src=\"https:\/\/bkrd.kifst.hr\/wp-content\/uploads\/2021\/03\/Screenshot-2021-03-11-at-08.11.36-784x1024.png\" alt=\"\" class=\"wp-image-136\" style=\"width:270px;height:352px\" srcset=\"https:\/\/twinswins.kifst.hr\/wp-content\/uploads\/2021\/03\/Screenshot-2021-03-11-at-08.11.36-784x1024.png 784w, https:\/\/twinswins.kifst.hr\/wp-content\/uploads\/2021\/03\/Screenshot-2021-03-11-at-08.11.36-230x300.png 230w, https:\/\/twinswins.kifst.hr\/wp-content\/uploads\/2021\/03\/Screenshot-2021-03-11-at-08.11.36-768x1003.png 768w, https:\/\/twinswins.kifst.hr\/wp-content\/uploads\/2021\/03\/Screenshot-2021-03-11-at-08.11.36.png 842w\" sizes=\"auto, (max-width: 784px) 100vw, 784px\" \/><\/a><figcaption class=\"wp-element-caption\"> prof. dr. sc.  Dra\u017een \u010cular<\/figcaption><\/figure>\n<\/div><\/div>\n\n\n\n<div class=\"wp-block-column is-layout-flow wp-block-column-is-layout-flow\" style=\"flex-basis:66.66%\">\n<p>prof. dr.sc. Dra\u017een \u010cular je izvanredni profesor na Kineziolo\u0161kom fakultetu Sveu\u010dili\u0161ta u Splitu. Objavio je vi\u0161e od 100 znanstvenih \u010dlanaka u zbornicima skupova i vrhunskim znanstvenim \u010dasopisima, od \u010dega vi\u0161e od 50  radova referenciranih u Web of science bazi podataka. Voditelj je i suradnik na vi\u0161e od 20 stru\u010dnih i\/ili znanstvenih kompetitivnih programa i projekata nacionalne i me\u0111unarodne razine. Dobitnik je brojnih nagrada i priznanja kao i Nagrade za znanost Sveu\u010dili\u0161ta u Splitu 2018. god. dopredsjdnik Mati\u010dnog odbora za kineziologiju Nacionalnog vije\u0107a za znanost i visoko obrazovanje. U\u010ditelj je rolanja, voditelj skijanja s IVSS licencom, me\u0111unarodni taekwondo instruktor, nositelj crnog pojasa 5. Dan, licencirani trener, ispitiva\u010d za zvanja i savjetnik za pra\u0107enje kondicijske pripreme Hrvatske taekwondo reprezentacije, biv\u0161i \u010dlan nacionalnog vije\u0107a za sport RH i  skup\u0161tine u Hrvatskog olimpijskog odbora, osniva\u010d i prvi izbornik mlade reprezentacije u sportskom penjanju i para-taekwondo reprezentacije. Trenutno je voditelj me\u0111unarodnog  interdisciplinarnog znanstveno istra\u017eiva\u010dkog projekta Hrvatske zaklade za znanost (IP-05-2024-8340366) <\/p>\n\n\n\n<p><\/p>\n<\/div>\n<\/div>\n<\/div><\/div>\n<\/div>\n<\/div>\n<\/div>\n<\/div>\n\n\n\n<p><\/p>\n","protected":false},"excerpt":{"rendered":"<p>prof. dr.sc. Dra\u017een \u010cular je izvanredni profesor na Kineziolo\u0161kom fakultetu Sveu\u010dili\u0161ta u Splitu. Objavio je vi\u0161e od 100 znanstvenih \u010dlanaka u zbornicima skupova i vrhunskim znanstvenim \u010dasopisima, od \u010dega vi\u0161e od 50 radova referenciranih u Web of science bazi podataka. Voditelj je i suradnik na vi\u0161e od 20 stru\u010dnih i\/ili&#8230;<\/p>\n","protected":false},"author":1,"featured_media":0,"parent":0,"menu_order":0,"comment_status":"closed","ping_status":"closed","template":"","meta":{"footnotes":""},"class_list":["post-70","page","type-page","status-publish","hentry"],"_links":{"self":[{"href":"https:\/\/twinswins.kifst.hr\/index.php?rest_route=\/wp\/v2\/pages\/70","targetHints":{"allow":["GET"]}}],"collection":[{"href":"https:\/\/twinswins.kifst.hr\/index.php?rest_route=\/wp\/v2\/pages"}],"about":[{"href":"https:\/\/twinswins.kifst.hr\/index.php?rest_route=\/wp\/v2\/types\/page"}],"author":[{"embeddable":true,"href":"https:\/\/twinswins.kifst.hr\/index.php?rest_route=\/wp\/v2\/users\/1"}],"replies":[{"embeddable":true,"href":"https:\/\/twinswins.kifst.hr\/index.php?rest_route=%2Fwp%2Fv2%2Fcomments&post=70"}],"version-history":[{"count":8,"href":"https:\/\/twinswins.kifst.hr\/index.php?rest_route=\/wp\/v2\/pages\/70\/revisions"}],"predecessor-version":[{"id":796,"href":"https:\/\/twinswins.kifst.hr\/index.php?rest_route=\/wp\/v2\/pages\/70\/revisions\/796"}],"wp:attachment":[{"href":"https:\/\/twinswins.kifst.hr\/index.php?rest_route=%2Fwp%2Fv2%2Fmedia&parent=70"}],"curies":[{"name":"wp","href":"https:\/\/api.w.org\/{rel}","templated":true}]}}