{"id":44,"date":"2021-03-09T07:01:29","date_gmt":"2021-03-09T07:01:29","guid":{"rendered":"https:\/\/bkrd.kifst.hr\/?page_id=44"},"modified":"2022-02-16T20:32:35","modified_gmt":"2022-02-16T20:32:35","slug":"laboratorij","status":"publish","type":"page","link":"https:\/\/twinswins.kifst.hr\/?page_id=44","title":{"rendered":"Cro Sport Talent Lab"},"content":{"rendered":"\n<div class=\"wp-block-image is-style-default\"><figure class=\"aligncenter size-full is-resized\"><img loading=\"lazy\" decoding=\"async\" src=\"https:\/\/bkrd.kifst.hr\/wp-content\/uploads\/2021\/03\/Logo-BKRD-HRZZ.png\" alt=\"\" class=\"wp-image-36\" width=\"426\" height=\"305\" srcset=\"https:\/\/twinswins.kifst.hr\/wp-content\/uploads\/2021\/03\/Logo-BKRD-HRZZ.png 646w, https:\/\/twinswins.kifst.hr\/wp-content\/uploads\/2021\/03\/Logo-BKRD-HRZZ-300x215.png 300w\" sizes=\"auto, (max-width: 426px) 100vw, 426px\" \/><\/figure><\/div>\n\n\n\n<div class=\"wp-block-columns is-layout-flex wp-container-core-columns-is-layout-9d6595d7 wp-block-columns-is-layout-flex\">\n<div class=\"wp-block-column is-vertically-aligned-top is-layout-flow wp-block-column-is-layout-flow\" style=\"flex-basis:100%\">\n<div class=\"wp-block-columns is-layout-flex wp-container-core-columns-is-layout-9d6595d7 wp-block-columns-is-layout-flex\">\n<div class=\"wp-block-column is-layout-flow wp-block-column-is-layout-flow\" style=\"flex-basis:100%\">\n<div class=\"wp-block-columns is-layout-flex wp-container-core-columns-is-layout-9d6595d7 wp-block-columns-is-layout-flex\">\n<div class=\"wp-block-column is-layout-flow wp-block-column-is-layout-flow\" style=\"flex-basis:100%\">\n<ul class=\"wp-block-list\"><li><strong><a href=\"https:\/\/www.dropbox.com\/s\/dekbs8txj836n64\/Izvje%C5%A1%C4%87e%20o%20uspostavi%20Labortorija-%20Cro%20SportLab.pdf?dl=0\">Izvje\u0161\u0107e i Odluka o uspostavi Cro Sport Talent Lab<\/a><\/strong>-a<\/li><\/ul>\n\n\n\n<ul class=\"wp-block-list\"><li><a href=\"https:\/\/www.dropbox.com\/s\/fe9chu9vzb0a52j\/16.02.2022%20IZJAVA%20SUGLASNOST%20ZA%20RODITELJA%20SUDJELOVANJE%20U%20PROJEKTU.pdf?dl=0\"><strong>Izjava o suglasnosti za sudjelovanje u istra\u017eivanju<\/strong><\/a> (print verzija)<\/li><li><a href=\"https:\/\/www.surveymonkey.com\/r\/IP3366\"><strong>Izjava o suglasnosti za sudjelovanje u istra\u017eivanju za popunjavanje u digitalnom obliku<\/strong><\/a><\/li><\/ul>\n\n\n\n<p><\/p>\n\n\n\n<ul class=\"wp-block-list\"><li><strong>QR code za pristup popunjavanju izjave o sudjelovanju u istra\u017eivanju u digitalnom obliku <\/strong><\/li><\/ul>\n<\/div>\n<\/div>\n<\/div>\n<\/div>\n<\/div>\n<\/div>\n\n\n\n<div class=\"wp-block-image is-style-default\"><figure class=\"aligncenter size-full is-resized\"><img loading=\"lazy\" decoding=\"async\" src=\"https:\/\/bkrd.kifst.hr\/wp-content\/uploads\/2022\/02\/QR-code-izjava.png\" alt=\"\" class=\"wp-image-775\" width=\"225\" height=\"226\" srcset=\"https:\/\/twinswins.kifst.hr\/wp-content\/uploads\/2022\/02\/QR-code-izjava.png 613w, https:\/\/twinswins.kifst.hr\/wp-content\/uploads\/2022\/02\/QR-code-izjava-300x300.png 300w, https:\/\/twinswins.kifst.hr\/wp-content\/uploads\/2022\/02\/QR-code-izjava-150x150.png 150w\" sizes=\"auto, (max-width: 225px) 100vw, 225px\" \/><\/figure><\/div>\n\n\n\n<div class=\"wp-block-columns is-layout-flex wp-container-core-columns-is-layout-9d6595d7 wp-block-columns-is-layout-flex\">\n<div class=\"wp-block-column is-layout-flow wp-block-column-is-layout-flow\" style=\"flex-basis:100%\">\n<figure class=\"wp-block-image size-large is-style-default\"><img loading=\"lazy\" decoding=\"async\" width=\"1024\" height=\"444\" src=\"https:\/\/bkrd.kifst.hr\/wp-content\/uploads\/2022\/01\/IMG_16201-1024x444.jpg\" alt=\"\" class=\"wp-image-692\" srcset=\"https:\/\/twinswins.kifst.hr\/wp-content\/uploads\/2022\/01\/IMG_16201-1024x444.jpg 1024w, https:\/\/twinswins.kifst.hr\/wp-content\/uploads\/2022\/01\/IMG_16201-300x130.jpg 300w, https:\/\/twinswins.kifst.hr\/wp-content\/uploads\/2022\/01\/IMG_16201-768x333.jpg 768w, https:\/\/twinswins.kifst.hr\/wp-content\/uploads\/2022\/01\/IMG_16201-1536x666.jpg 1536w\" sizes=\"auto, (max-width: 1024px) 100vw, 1024px\" \/><\/figure>\n\n\n\n<div class=\"wp-block-columns is-layout-flex wp-container-core-columns-is-layout-9d6595d7 wp-block-columns-is-layout-flex\">\n<div class=\"wp-block-column is-layout-flow wp-block-column-is-layout-flow\" style=\"flex-basis:100%\">\n<figure class=\"wp-block-image size-large is-style-default\"><img loading=\"lazy\" decoding=\"async\" width=\"1024\" height=\"550\" src=\"https:\/\/bkrd.kifst.hr\/wp-content\/uploads\/2022\/01\/IMG_16211-1024x550.jpg\" alt=\"\" class=\"wp-image-698\" srcset=\"https:\/\/twinswins.kifst.hr\/wp-content\/uploads\/2022\/01\/IMG_16211-1024x550.jpg 1024w, https:\/\/twinswins.kifst.hr\/wp-content\/uploads\/2022\/01\/IMG_16211-300x161.jpg 300w, https:\/\/twinswins.kifst.hr\/wp-content\/uploads\/2022\/01\/IMG_16211-768x412.jpg 768w, https:\/\/twinswins.kifst.hr\/wp-content\/uploads\/2022\/01\/IMG_16211-1536x825.jpg 1536w, https:\/\/twinswins.kifst.hr\/wp-content\/uploads\/2022\/01\/IMG_16211-2048x1099.jpg 2048w\" sizes=\"auto, (max-width: 1024px) 100vw, 1024px\" \/><\/figure>\n<\/div>\n<\/div>\n<\/div>\n<\/div>\n\n\n\n<div class=\"wp-block-columns is-layout-flex wp-container-core-columns-is-layout-9d6595d7 wp-block-columns-is-layout-flex\">\n<div class=\"wp-block-column is-layout-flow wp-block-column-is-layout-flow\" style=\"flex-basis:100%\">\n<figure class=\"wp-block-image size-large\"><img loading=\"lazy\" decoding=\"async\" width=\"1024\" height=\"319\" src=\"https:\/\/bkrd.kifst.hr\/wp-content\/uploads\/2022\/01\/024B454D-5FC5-4AC5-A763-08E8E475B304_1_105_c-1024x319.jpeg\" alt=\"\" class=\"wp-image-601\" srcset=\"https:\/\/twinswins.kifst.hr\/wp-content\/uploads\/2022\/01\/024B454D-5FC5-4AC5-A763-08E8E475B304_1_105_c-1024x319.jpeg 1024w, https:\/\/twinswins.kifst.hr\/wp-content\/uploads\/2022\/01\/024B454D-5FC5-4AC5-A763-08E8E475B304_1_105_c-300x93.jpeg 300w, https:\/\/twinswins.kifst.hr\/wp-content\/uploads\/2022\/01\/024B454D-5FC5-4AC5-A763-08E8E475B304_1_105_c-768x239.jpeg 768w, https:\/\/twinswins.kifst.hr\/wp-content\/uploads\/2022\/01\/024B454D-5FC5-4AC5-A763-08E8E475B304_1_105_c-1536x478.jpeg 1536w, https:\/\/twinswins.kifst.hr\/wp-content\/uploads\/2022\/01\/024B454D-5FC5-4AC5-A763-08E8E475B304_1_105_c.jpeg 1588w\" sizes=\"auto, (max-width: 1024px) 100vw, 1024px\" \/><\/figure>\n<\/div>\n<\/div>\n\n\n\n<div class=\"wp-block-columns is-layout-flex wp-container-core-columns-is-layout-9d6595d7 wp-block-columns-is-layout-flex\">\n<div class=\"wp-block-column is-layout-flow wp-block-column-is-layout-flow\" style=\"flex-basis:33.34%\">\n<figure class=\"wp-block-image size-full is-style-default\"><img loading=\"lazy\" decoding=\"async\" width=\"768\" height=\"1024\" src=\"https:\/\/bkrd.kifst.hr\/wp-content\/uploads\/2022\/01\/530D3120-8043-4E2B-AC26-922E13C38BA7_1_105_c.jpeg\" alt=\"\" class=\"wp-image-677\" srcset=\"https:\/\/twinswins.kifst.hr\/wp-content\/uploads\/2022\/01\/530D3120-8043-4E2B-AC26-922E13C38BA7_1_105_c.jpeg 768w, https:\/\/twinswins.kifst.hr\/wp-content\/uploads\/2022\/01\/530D3120-8043-4E2B-AC26-922E13C38BA7_1_105_c-225x300.jpeg 225w\" sizes=\"auto, (max-width: 768px) 100vw, 768px\" \/><\/figure>\n<\/div>\n\n\n\n<div class=\"wp-block-column is-layout-flow wp-block-column-is-layout-flow\" style=\"flex-basis:33.34%\">\n<figure class=\"wp-block-image size-full is-style-default\"><img loading=\"lazy\" decoding=\"async\" width=\"768\" height=\"1024\" src=\"https:\/\/bkrd.kifst.hr\/wp-content\/uploads\/2022\/01\/5DF1D880-871D-4E77-A9F9-C0D23B298F95_1_105_c.jpeg\" alt=\"\" class=\"wp-image-678\" srcset=\"https:\/\/twinswins.kifst.hr\/wp-content\/uploads\/2022\/01\/5DF1D880-871D-4E77-A9F9-C0D23B298F95_1_105_c.jpeg 768w, https:\/\/twinswins.kifst.hr\/wp-content\/uploads\/2022\/01\/5DF1D880-871D-4E77-A9F9-C0D23B298F95_1_105_c-225x300.jpeg 225w\" sizes=\"auto, (max-width: 768px) 100vw, 768px\" \/><\/figure>\n<\/div>\n\n\n\n<div class=\"wp-block-column is-layout-flow wp-block-column-is-layout-flow\" style=\"flex-basis:33.33%\">\n<figure class=\"wp-block-image size-full is-style-default\"><img loading=\"lazy\" decoding=\"async\" width=\"768\" height=\"1024\" src=\"https:\/\/bkrd.kifst.hr\/wp-content\/uploads\/2022\/01\/04B2AA33-075B-4B49-AE35-67D2924A8B59_1_105_c.jpeg\" alt=\"\" class=\"wp-image-679\" srcset=\"https:\/\/twinswins.kifst.hr\/wp-content\/uploads\/2022\/01\/04B2AA33-075B-4B49-AE35-67D2924A8B59_1_105_c.jpeg 768w, https:\/\/twinswins.kifst.hr\/wp-content\/uploads\/2022\/01\/04B2AA33-075B-4B49-AE35-67D2924A8B59_1_105_c-225x300.jpeg 225w\" sizes=\"auto, (max-width: 768px) 100vw, 768px\" \/><\/figure>\n<\/div>\n<\/div>\n\n\n\n<div class=\"wp-block-columns is-layout-flex wp-container-core-columns-is-layout-9d6595d7 wp-block-columns-is-layout-flex\">\n<div class=\"wp-block-column is-layout-flow wp-block-column-is-layout-flow\" style=\"flex-basis:50%\">\n<figure class=\"wp-block-image size-full is-style-default\"><img loading=\"lazy\" decoding=\"async\" width=\"1024\" height=\"768\" src=\"https:\/\/bkrd.kifst.hr\/wp-content\/uploads\/2022\/01\/1B1875FB-3F0A-4ED9-BE05-E1240F67E690_1_105_c.jpeg\" alt=\"\" class=\"wp-image-686\" srcset=\"https:\/\/twinswins.kifst.hr\/wp-content\/uploads\/2022\/01\/1B1875FB-3F0A-4ED9-BE05-E1240F67E690_1_105_c.jpeg 1024w, https:\/\/twinswins.kifst.hr\/wp-content\/uploads\/2022\/01\/1B1875FB-3F0A-4ED9-BE05-E1240F67E690_1_105_c-300x225.jpeg 300w, https:\/\/twinswins.kifst.hr\/wp-content\/uploads\/2022\/01\/1B1875FB-3F0A-4ED9-BE05-E1240F67E690_1_105_c-768x576.jpeg 768w\" sizes=\"auto, (max-width: 1024px) 100vw, 1024px\" \/><\/figure>\n<\/div>\n\n\n\n<div class=\"wp-block-column is-layout-flow wp-block-column-is-layout-flow\" style=\"flex-basis:50%\">\n<figure class=\"wp-block-image size-full\"><img loading=\"lazy\" decoding=\"async\" width=\"1024\" height=\"768\" src=\"https:\/\/bkrd.kifst.hr\/wp-content\/uploads\/2022\/01\/4905D219-9552-443B-B834-CAE04E47BADF_1_105_c.jpeg\" alt=\"\" class=\"wp-image-607\" srcset=\"https:\/\/twinswins.kifst.hr\/wp-content\/uploads\/2022\/01\/4905D219-9552-443B-B834-CAE04E47BADF_1_105_c.jpeg 1024w, https:\/\/twinswins.kifst.hr\/wp-content\/uploads\/2022\/01\/4905D219-9552-443B-B834-CAE04E47BADF_1_105_c-300x225.jpeg 300w, https:\/\/twinswins.kifst.hr\/wp-content\/uploads\/2022\/01\/4905D219-9552-443B-B834-CAE04E47BADF_1_105_c-768x576.jpeg 768w\" sizes=\"auto, (max-width: 1024px) 100vw, 1024px\" \/><\/figure>\n<\/div>\n<\/div>\n\n\n\n<div class=\"wp-block-columns is-layout-flex wp-container-core-columns-is-layout-9d6595d7 wp-block-columns-is-layout-flex\">\n<div class=\"wp-block-column is-layout-flow wp-block-column-is-layout-flow\" style=\"flex-basis:50%\">\n<figure class=\"wp-block-image size-large\"><img loading=\"lazy\" decoding=\"async\" width=\"1024\" height=\"768\" src=\"https:\/\/bkrd.kifst.hr\/wp-content\/uploads\/2022\/01\/IMG_0002-1024x768.jpeg\" alt=\"\" class=\"wp-image-614\" srcset=\"https:\/\/twinswins.kifst.hr\/wp-content\/uploads\/2022\/01\/IMG_0002-1024x768.jpeg 1024w, https:\/\/twinswins.kifst.hr\/wp-content\/uploads\/2022\/01\/IMG_0002-300x225.jpeg 300w, https:\/\/twinswins.kifst.hr\/wp-content\/uploads\/2022\/01\/IMG_0002-768x576.jpeg 768w, https:\/\/twinswins.kifst.hr\/wp-content\/uploads\/2022\/01\/IMG_0002-1536x1152.jpeg 1536w, https:\/\/twinswins.kifst.hr\/wp-content\/uploads\/2022\/01\/IMG_0002-2048x1536.jpeg 2048w\" sizes=\"auto, (max-width: 1024px) 100vw, 1024px\" \/><\/figure>\n<\/div>\n\n\n\n<div class=\"wp-block-column is-layout-flow wp-block-column-is-layout-flow\" style=\"flex-basis:50%\">\n<figure class=\"wp-block-image size-full\"><img loading=\"lazy\" decoding=\"async\" width=\"1024\" height=\"768\" src=\"https:\/\/bkrd.kifst.hr\/wp-content\/uploads\/2022\/01\/D9B95290-6DFF-4020-AC7D-DE474A7153F7_1_105_c.jpeg\" alt=\"\" class=\"wp-image-594\" srcset=\"https:\/\/twinswins.kifst.hr\/wp-content\/uploads\/2022\/01\/D9B95290-6DFF-4020-AC7D-DE474A7153F7_1_105_c.jpeg 1024w, https:\/\/twinswins.kifst.hr\/wp-content\/uploads\/2022\/01\/D9B95290-6DFF-4020-AC7D-DE474A7153F7_1_105_c-300x225.jpeg 300w, https:\/\/twinswins.kifst.hr\/wp-content\/uploads\/2022\/01\/D9B95290-6DFF-4020-AC7D-DE474A7153F7_1_105_c-768x576.jpeg 768w\" sizes=\"auto, (max-width: 1024px) 100vw, 1024px\" \/><\/figure>\n<\/div>\n<\/div>\n\n\n\n<div class=\"wp-block-columns is-layout-flex wp-container-core-columns-is-layout-9d6595d7 wp-block-columns-is-layout-flex\">\n<div class=\"wp-block-column is-layout-flow wp-block-column-is-layout-flow\" style=\"flex-basis:33.34%\">\n<figure class=\"wp-block-image size-large\"><img loading=\"lazy\" decoding=\"async\" width=\"768\" height=\"1024\" src=\"https:\/\/bkrd.kifst.hr\/wp-content\/uploads\/2022\/01\/IMG_0254-scaled-e1642795939808-768x1024.jpeg\" alt=\"\" class=\"wp-image-639\" srcset=\"https:\/\/twinswins.kifst.hr\/wp-content\/uploads\/2022\/01\/IMG_0254-scaled-e1642795939808-768x1024.jpeg 768w, https:\/\/twinswins.kifst.hr\/wp-content\/uploads\/2022\/01\/IMG_0254-scaled-e1642795939808-225x300.jpeg 225w, https:\/\/twinswins.kifst.hr\/wp-content\/uploads\/2022\/01\/IMG_0254-scaled-e1642795939808-1152x1536.jpeg 1152w, https:\/\/twinswins.kifst.hr\/wp-content\/uploads\/2022\/01\/IMG_0254-scaled-e1642795939808-1536x2048.jpeg 1536w, https:\/\/twinswins.kifst.hr\/wp-content\/uploads\/2022\/01\/IMG_0254-scaled-e1642795939808.jpeg 1920w\" sizes=\"auto, (max-width: 768px) 100vw, 768px\" \/><\/figure>\n<\/div>\n\n\n\n<div class=\"wp-block-column is-layout-flow wp-block-column-is-layout-flow\" style=\"flex-basis:33.34%\">\n<figure class=\"wp-block-image size-large\"><img loading=\"lazy\" decoding=\"async\" width=\"768\" height=\"1024\" src=\"https:\/\/bkrd.kifst.hr\/wp-content\/uploads\/2022\/01\/IMG_0205-1-scaled-e1642796101143-768x1024.jpeg\" alt=\"\" class=\"wp-image-637\" srcset=\"https:\/\/twinswins.kifst.hr\/wp-content\/uploads\/2022\/01\/IMG_0205-1-scaled-e1642796101143-768x1024.jpeg 768w, https:\/\/twinswins.kifst.hr\/wp-content\/uploads\/2022\/01\/IMG_0205-1-scaled-e1642796101143-225x300.jpeg 225w, https:\/\/twinswins.kifst.hr\/wp-content\/uploads\/2022\/01\/IMG_0205-1-scaled-e1642796101143-1152x1536.jpeg 1152w, https:\/\/twinswins.kifst.hr\/wp-content\/uploads\/2022\/01\/IMG_0205-1-scaled-e1642796101143-1536x2048.jpeg 1536w, https:\/\/twinswins.kifst.hr\/wp-content\/uploads\/2022\/01\/IMG_0205-1-scaled-e1642796101143.jpeg 1920w\" sizes=\"auto, (max-width: 768px) 100vw, 768px\" \/><\/figure>\n<\/div>\n\n\n\n<div class=\"wp-block-column is-layout-flow wp-block-column-is-layout-flow\" style=\"flex-basis:33.33%\">\n<figure class=\"wp-block-image size-large\"><img loading=\"lazy\" decoding=\"async\" width=\"768\" height=\"1024\" src=\"https:\/\/bkrd.kifst.hr\/wp-content\/uploads\/2022\/01\/IMG_0009-scaled-e1642795546740-768x1024.jpeg\" alt=\"\" class=\"wp-image-615\" srcset=\"https:\/\/twinswins.kifst.hr\/wp-content\/uploads\/2022\/01\/IMG_0009-scaled-e1642795546740-768x1024.jpeg 768w, https:\/\/twinswins.kifst.hr\/wp-content\/uploads\/2022\/01\/IMG_0009-scaled-e1642795546740-225x300.jpeg 225w, https:\/\/twinswins.kifst.hr\/wp-content\/uploads\/2022\/01\/IMG_0009-scaled-e1642795546740-1152x1536.jpeg 1152w, https:\/\/twinswins.kifst.hr\/wp-content\/uploads\/2022\/01\/IMG_0009-scaled-e1642795546740-1536x2048.jpeg 1536w, https:\/\/twinswins.kifst.hr\/wp-content\/uploads\/2022\/01\/IMG_0009-scaled-e1642795546740.jpeg 1920w\" sizes=\"auto, (max-width: 768px) 100vw, 768px\" \/><\/figure>\n<\/div>\n<\/div>\n\n\n\n<div class=\"wp-block-columns is-layout-flex wp-container-core-columns-is-layout-9d6595d7 wp-block-columns-is-layout-flex\">\n<div class=\"wp-block-column is-layout-flow wp-block-column-is-layout-flow\" style=\"flex-basis:33.34%\">\n<figure class=\"wp-block-image size-large\"><img loading=\"lazy\" decoding=\"async\" width=\"768\" height=\"1024\" src=\"https:\/\/bkrd.kifst.hr\/wp-content\/uploads\/2022\/01\/IMG_4277-1-scaled-e1642796425767-768x1024.jpeg\" alt=\"\" class=\"wp-image-650\" srcset=\"https:\/\/twinswins.kifst.hr\/wp-content\/uploads\/2022\/01\/IMG_4277-1-scaled-e1642796425767-768x1024.jpeg 768w, https:\/\/twinswins.kifst.hr\/wp-content\/uploads\/2022\/01\/IMG_4277-1-scaled-e1642796425767-225x300.jpeg 225w, https:\/\/twinswins.kifst.hr\/wp-content\/uploads\/2022\/01\/IMG_4277-1-scaled-e1642796425767-1152x1536.jpeg 1152w, https:\/\/twinswins.kifst.hr\/wp-content\/uploads\/2022\/01\/IMG_4277-1-scaled-e1642796425767-1536x2048.jpeg 1536w, https:\/\/twinswins.kifst.hr\/wp-content\/uploads\/2022\/01\/IMG_4277-1-scaled-e1642796425767.jpeg 1920w\" sizes=\"auto, (max-width: 768px) 100vw, 768px\" \/><\/figure>\n<\/div>\n\n\n\n<div class=\"wp-block-column is-layout-flow wp-block-column-is-layout-flow\" style=\"flex-basis:33.34%\">\n<figure class=\"wp-block-image size-full is-style-default\"><img loading=\"lazy\" decoding=\"async\" width=\"768\" height=\"1024\" src=\"https:\/\/bkrd.kifst.hr\/wp-content\/uploads\/2022\/01\/588E3DDF-0CF6-447A-B92B-CB408C136C73_1_105_c.jpeg\" alt=\"\" class=\"wp-image-610\" srcset=\"https:\/\/twinswins.kifst.hr\/wp-content\/uploads\/2022\/01\/588E3DDF-0CF6-447A-B92B-CB408C136C73_1_105_c.jpeg 768w, https:\/\/twinswins.kifst.hr\/wp-content\/uploads\/2022\/01\/588E3DDF-0CF6-447A-B92B-CB408C136C73_1_105_c-225x300.jpeg 225w\" sizes=\"auto, (max-width: 768px) 100vw, 768px\" \/><\/figure>\n<\/div>\n\n\n\n<div class=\"wp-block-column is-layout-flow wp-block-column-is-layout-flow\" style=\"flex-basis:33.33%\">\n<figure class=\"wp-block-image size-large\"><img loading=\"lazy\" decoding=\"async\" width=\"768\" height=\"1024\" src=\"https:\/\/bkrd.kifst.hr\/wp-content\/uploads\/2022\/01\/IMG_9382-scaled-e1642796522567-768x1024.jpeg\" alt=\"\" class=\"wp-image-644\" srcset=\"https:\/\/twinswins.kifst.hr\/wp-content\/uploads\/2022\/01\/IMG_9382-scaled-e1642796522567-768x1024.jpeg 768w, https:\/\/twinswins.kifst.hr\/wp-content\/uploads\/2022\/01\/IMG_9382-scaled-e1642796522567-225x300.jpeg 225w, https:\/\/twinswins.kifst.hr\/wp-content\/uploads\/2022\/01\/IMG_9382-scaled-e1642796522567-1152x1536.jpeg 1152w, https:\/\/twinswins.kifst.hr\/wp-content\/uploads\/2022\/01\/IMG_9382-scaled-e1642796522567-1536x2048.jpeg 1536w, https:\/\/twinswins.kifst.hr\/wp-content\/uploads\/2022\/01\/IMG_9382-scaled-e1642796522567.jpeg 1920w\" sizes=\"auto, (max-width: 768px) 100vw, 768px\" \/><\/figure>\n<\/div>\n<\/div>\n\n\n\n<div class=\"wp-block-columns is-layout-flex wp-container-core-columns-is-layout-9d6595d7 wp-block-columns-is-layout-flex\">\n<div class=\"wp-block-column is-layout-flow wp-block-column-is-layout-flow\" style=\"flex-basis:33.34%\">\n<figure class=\"wp-block-image size-large\"><img loading=\"lazy\" decoding=\"async\" width=\"768\" height=\"1024\" src=\"https:\/\/bkrd.kifst.hr\/wp-content\/uploads\/2022\/01\/IMG_0213-scaled-e1642794063217-768x1024.jpeg\" alt=\"\" class=\"wp-image-619\" srcset=\"https:\/\/twinswins.kifst.hr\/wp-content\/uploads\/2022\/01\/IMG_0213-scaled-e1642794063217-768x1024.jpeg 768w, https:\/\/twinswins.kifst.hr\/wp-content\/uploads\/2022\/01\/IMG_0213-scaled-e1642794063217-225x300.jpeg 225w, https:\/\/twinswins.kifst.hr\/wp-content\/uploads\/2022\/01\/IMG_0213-scaled-e1642794063217-1152x1536.jpeg 1152w, https:\/\/twinswins.kifst.hr\/wp-content\/uploads\/2022\/01\/IMG_0213-scaled-e1642794063217-1536x2048.jpeg 1536w, https:\/\/twinswins.kifst.hr\/wp-content\/uploads\/2022\/01\/IMG_0213-scaled-e1642794063217.jpeg 1920w\" sizes=\"auto, (max-width: 768px) 100vw, 768px\" \/><\/figure>\n<\/div>\n\n\n\n<div class=\"wp-block-column is-layout-flow wp-block-column-is-layout-flow\" style=\"flex-basis:33.34%\">\n<figure class=\"wp-block-image size-large\"><img loading=\"lazy\" decoding=\"async\" width=\"768\" height=\"1024\" src=\"https:\/\/bkrd.kifst.hr\/wp-content\/uploads\/2022\/01\/IMG_0203-1-scaled-e1642796646570-768x1024.jpeg\" alt=\"\" class=\"wp-image-638\" srcset=\"https:\/\/twinswins.kifst.hr\/wp-content\/uploads\/2022\/01\/IMG_0203-1-scaled-e1642796646570-768x1024.jpeg 768w, https:\/\/twinswins.kifst.hr\/wp-content\/uploads\/2022\/01\/IMG_0203-1-scaled-e1642796646570-225x300.jpeg 225w, https:\/\/twinswins.kifst.hr\/wp-content\/uploads\/2022\/01\/IMG_0203-1-scaled-e1642796646570-1152x1536.jpeg 1152w, https:\/\/twinswins.kifst.hr\/wp-content\/uploads\/2022\/01\/IMG_0203-1-scaled-e1642796646570-1536x2048.jpeg 1536w, https:\/\/twinswins.kifst.hr\/wp-content\/uploads\/2022\/01\/IMG_0203-1-scaled-e1642796646570.jpeg 1920w\" sizes=\"auto, (max-width: 768px) 100vw, 768px\" \/><\/figure>\n<\/div>\n\n\n\n<div class=\"wp-block-column is-layout-flow wp-block-column-is-layout-flow\" style=\"flex-basis:33.33%\">\n<figure class=\"wp-block-image size-large\"><img loading=\"lazy\" decoding=\"async\" width=\"768\" height=\"1024\" src=\"https:\/\/bkrd.kifst.hr\/wp-content\/uploads\/2022\/01\/IMG_0951-1-scaled-e1642796771747-768x1024.jpeg\" alt=\"\" class=\"wp-image-652\" srcset=\"https:\/\/twinswins.kifst.hr\/wp-content\/uploads\/2022\/01\/IMG_0951-1-scaled-e1642796771747-768x1024.jpeg 768w, https:\/\/twinswins.kifst.hr\/wp-content\/uploads\/2022\/01\/IMG_0951-1-scaled-e1642796771747-225x300.jpeg 225w, https:\/\/twinswins.kifst.hr\/wp-content\/uploads\/2022\/01\/IMG_0951-1-scaled-e1642796771747-1152x1536.jpeg 1152w, https:\/\/twinswins.kifst.hr\/wp-content\/uploads\/2022\/01\/IMG_0951-1-scaled-e1642796771747-1536x2048.jpeg 1536w, https:\/\/twinswins.kifst.hr\/wp-content\/uploads\/2022\/01\/IMG_0951-1-scaled-e1642796771747.jpeg 1920w\" sizes=\"auto, (max-width: 768px) 100vw, 768px\" \/><\/figure>\n<\/div>\n<\/div>\n\n\n\n<div class=\"wp-block-columns is-layout-flex wp-container-core-columns-is-layout-9d6595d7 wp-block-columns-is-layout-flex\">\n<div class=\"wp-block-column is-layout-flow wp-block-column-is-layout-flow\" style=\"flex-basis:50%\">\n<figure class=\"wp-block-image size-large\"><img loading=\"lazy\" decoding=\"async\" width=\"1024\" height=\"768\" src=\"https:\/\/bkrd.kifst.hr\/wp-content\/uploads\/2022\/01\/IMG_0238-1-1024x768.jpeg\" alt=\"\" class=\"wp-image-656\" srcset=\"https:\/\/twinswins.kifst.hr\/wp-content\/uploads\/2022\/01\/IMG_0238-1-1024x768.jpeg 1024w, https:\/\/twinswins.kifst.hr\/wp-content\/uploads\/2022\/01\/IMG_0238-1-300x225.jpeg 300w, https:\/\/twinswins.kifst.hr\/wp-content\/uploads\/2022\/01\/IMG_0238-1-768x576.jpeg 768w, https:\/\/twinswins.kifst.hr\/wp-content\/uploads\/2022\/01\/IMG_0238-1-1536x1152.jpeg 1536w, https:\/\/twinswins.kifst.hr\/wp-content\/uploads\/2022\/01\/IMG_0238-1-2048x1536.jpeg 2048w\" sizes=\"auto, (max-width: 1024px) 100vw, 1024px\" \/><\/figure>\n<\/div>\n\n\n\n<div class=\"wp-block-column is-layout-flow wp-block-column-is-layout-flow\" style=\"flex-basis:50%\">\n<figure class=\"wp-block-image size-large\"><img loading=\"lazy\" decoding=\"async\" width=\"1024\" height=\"768\" src=\"https:\/\/bkrd.kifst.hr\/wp-content\/uploads\/2022\/01\/IMG_0171sss-1024x768.jpg\" alt=\"\" class=\"wp-image-658\" srcset=\"https:\/\/twinswins.kifst.hr\/wp-content\/uploads\/2022\/01\/IMG_0171sss-1024x768.jpg 1024w, https:\/\/twinswins.kifst.hr\/wp-content\/uploads\/2022\/01\/IMG_0171sss-300x225.jpg 300w, https:\/\/twinswins.kifst.hr\/wp-content\/uploads\/2022\/01\/IMG_0171sss-768x576.jpg 768w, https:\/\/twinswins.kifst.hr\/wp-content\/uploads\/2022\/01\/IMG_0171sss-1536x1152.jpg 1536w, https:\/\/twinswins.kifst.hr\/wp-content\/uploads\/2022\/01\/IMG_0171sss-2048x1536.jpg 2048w\" sizes=\"auto, (max-width: 1024px) 100vw, 1024px\" \/><\/figure>\n<\/div>\n<\/div>\n","protected":false},"excerpt":{"rendered":"<p>Izvje\u0161\u0107e i Odluka o uspostavi Cro Sport Talent Lab-a Izjava o suglasnosti za sudjelovanje u istra\u017eivanju (print verzija) Izjava o suglasnosti za sudjelovanje u istra\u017eivanju za popunjavanje u digitalnom obliku QR code za pristup popunjavanju izjave o sudjelovanju u istra\u017eivanju u digitalnom obliku<\/p>\n","protected":false},"author":1,"featured_media":0,"parent":0,"menu_order":0,"comment_status":"closed","ping_status":"closed","template":"","meta":{"footnotes":""},"class_list":["post-44","page","type-page","status-publish","hentry"],"_links":{"self":[{"href":"https:\/\/twinswins.kifst.hr\/index.php?rest_route=\/wp\/v2\/pages\/44","targetHints":{"allow":["GET"]}}],"collection":[{"href":"https:\/\/twinswins.kifst.hr\/index.php?rest_route=\/wp\/v2\/pages"}],"about":[{"href":"https:\/\/twinswins.kifst.hr\/index.php?rest_route=\/wp\/v2\/types\/page"}],"author":[{"embeddable":true,"href":"https:\/\/twinswins.kifst.hr\/index.php?rest_route=\/wp\/v2\/users\/1"}],"replies":[{"embeddable":true,"href":"https:\/\/twinswins.kifst.hr\/index.php?rest_route=%2Fwp%2Fv2%2Fcomments&post=44"}],"version-history":[{"count":39,"href":"https:\/\/twinswins.kifst.hr\/index.php?rest_route=\/wp\/v2\/pages\/44\/revisions"}],"predecessor-version":[{"id":778,"href":"https:\/\/twinswins.kifst.hr\/index.php?rest_route=\/wp\/v2\/pages\/44\/revisions\/778"}],"wp:attachment":[{"href":"https:\/\/twinswins.kifst.hr\/index.php?rest_route=%2Fwp%2Fv2%2Fmedia&parent=44"}],"curies":[{"name":"wp","href":"https:\/\/api.w.org\/{rel}","templated":true}]}}