{"id":175,"date":"2021-03-14T06:26:01","date_gmt":"2021-03-14T06:26:01","guid":{"rendered":"https:\/\/bkrd.kifst.hr\/?page_id=175"},"modified":"2026-01-11T21:00:45","modified_gmt":"2026-01-11T21:00:45","slug":"metode","status":"publish","type":"page","link":"https:\/\/twinswins.kifst.hr\/?page_id=175","title":{"rendered":"Uzorak i metode"},"content":{"rendered":"\n<p>Bilateralni HRV-SLO Projekt je osmi\u0161ljen kao internacionalno multi-disciplinarno istra\u017eivanje koje \u0107e se u skladu s radnim planom provoditi u tri projektne faze u ukupnom trajanju od 36 mjeseci. Aktivnosti \u0107e provoditi istra\u017eiva\u010di organizirani u dva nacionalna tima u koja su uklju\u010deni stru\u010dnjaci iz podru\u010dja: a) kineziologije, b) biomedicine, c) biotehnolologije i d) sociologije. U dogovoru s predstavnicima nacionalnih sportskih saveza i ispitanicima uskladit \u0107e se termini provedbe istra\u017eivanja s kalendarom natjecanja i obvezama ispitanika \u010dlanova reprezentativnih selekcija i\/ili najkvalitetnijih klubova. Prije provedbe istra\u017eivanja ovisno o potrebi izvr\u0161it \u0107e se do edukacija mjeritelja uklju\u010denih u projektne aktivnosti s \u010dim \u0107emo osigurati ponovljivost i kredibilnost provedenih mjerenja. Obaviti \u0107e se razgovori s roditeljima ispitanika tijekom kojih \u0107e se objasniti razlozi i ciljevi provo\u0111enja istra\u017eivanja. Od roditelja\/staratelja \u0107e se prikupiti pisani pristanak kako bi maloljetnici mogli sudjelovati u istra\u017eivanju. Za potrebe istra\u017eivanja \u0107e se izraditi upitnici o zdravstvenom, trena\u017enom, i socijalnom statusu koji \u0107e se digitalizirati i postaviti na Survey Monkey platformu za anketiranje. Prije po\u010detka istra\u017eivanja zatra\u017eit \u0107e pozitivno mi\u0161ljenje Eti\u010dkog povjerenstva o eti\u010dnosti metodologije istra\u017eivanja od strane Kineziolo\u0161kog Fakulteta u Splitu ili Partnera Fakulteta za Sport u Ljubljani. Sva mjerenja provodit \u0107e se u isto doba dana u standardiziranim uvjetima od strane kompetentnih stru\u010dnjaka \u010dlanova istra\u017eiva\u010dkih timova. Lije\u010dnik \u010dlan HR istra\u017eiva\u010dkog tima prikupljat \u0107e biolo\u0161ke uzorke i skrbiti o dostavi istih Slovenskom istra\u017eiva\u010dkom timu u kojeme \u0107e znastvenici iz podru\u010dja biotehnologije peruzeti brigu o \u010duvanju i analizi istih. Terenska istra\u017eivanja \u0107e se provoditi u mjestu u kojem se nalaze ispitanici, a laboratorijska u Splitu u prostoru Cro Sport Talent Laba Kineziolo\u0161kog fakulteta u Splitu i Prostorima partnera Fakulteta za Sport u Ljubljani (SLO). Za potrebe laboratorijskih istra\u017eivanja financijskim planom osigurat \u0107e se sredstva za smje\u0161taj i prijevoz dislociranih ispitanika do laboratorija, kao i sredstva za smje\u0161taj i prijevoz istra\u017eiva\u010dkog tima i opreme za potrebe provedbe terenskih istra\u017eivanja u HRV i SLO. Prikupljanje podataka realizirat \u0107e se u skladu s eti\u010dkim normama i pozitivnom zakonskom regulativom, a pristup informacijama omogu\u0107it \u0107e se samo istra\u017eiva\u010dima koji \u0107e potpisati izjavu o tajnosti i za\u0161titi osobnih podataka.<\/p>\n\n\n\n<p><a href=\"https:\/\/bkrd.kifst.hr\/?page_id=79\" data-type=\"URL\" data-id=\"https:\/\/bkrd.kifst.hr\/?page_id=79\">&gt;&gt;&gt; Aktivnosti<\/a><\/p>\n","protected":false},"excerpt":{"rendered":"<p>Bilateralni HRV-SLO Projekt je osmi\u0161ljen kao internacionalno multi-disciplinarno istra\u017eivanje koje \u0107e se u skladu s radnim planom provoditi u tri projektne faze u ukupnom trajanju od 36 mjeseci. Aktivnosti \u0107e provoditi istra\u017eiva\u010di organizirani u dva nacionalna tima u koja su uklju\u010deni stru\u010dnjaci iz podru\u010dja: a) kineziologije, b) biomedicine, c) biotehnolologije&#8230;<\/p>\n","protected":false},"author":1,"featured_media":0,"parent":0,"menu_order":0,"comment_status":"closed","ping_status":"closed","template":"","meta":{"footnotes":""},"class_list":["post-175","page","type-page","status-publish","hentry"],"_links":{"self":[{"href":"https:\/\/twinswins.kifst.hr\/index.php?rest_route=\/wp\/v2\/pages\/175","targetHints":{"allow":["GET"]}}],"collection":[{"href":"https:\/\/twinswins.kifst.hr\/index.php?rest_route=\/wp\/v2\/pages"}],"about":[{"href":"https:\/\/twinswins.kifst.hr\/index.php?rest_route=\/wp\/v2\/types\/page"}],"author":[{"embeddable":true,"href":"https:\/\/twinswins.kifst.hr\/index.php?rest_route=\/wp\/v2\/users\/1"}],"replies":[{"embeddable":true,"href":"https:\/\/twinswins.kifst.hr\/index.php?rest_route=%2Fwp%2Fv2%2Fcomments&post=175"}],"version-history":[{"count":8,"href":"https:\/\/twinswins.kifst.hr\/index.php?rest_route=\/wp\/v2\/pages\/175\/revisions"}],"predecessor-version":[{"id":820,"href":"https:\/\/twinswins.kifst.hr\/index.php?rest_route=\/wp\/v2\/pages\/175\/revisions\/820"}],"wp:attachment":[{"href":"https:\/\/twinswins.kifst.hr\/index.php?rest_route=%2Fwp%2Fv2%2Fmedia&parent=175"}],"curies":[{"name":"wp","href":"https:\/\/api.w.org\/{rel}","templated":true}]}}