{"id":173,"date":"2021-03-14T06:26:01","date_gmt":"2021-03-14T06:26:01","guid":{"rendered":"https:\/\/bkrd.kifst.hr\/?page_id=173"},"modified":"2026-01-11T20:49:57","modified_gmt":"2026-01-11T20:49:57","slug":"uvod","status":"publish","type":"page","link":"https:\/\/twinswins.kifst.hr\/?page_id=173","title":{"rendered":"Uvod\/Problem"},"content":{"rendered":"\n<p><strong><em>Istra\u017eiva\u010dko pitanje, state-of-the-art u temi istra\u017eivanja i najva\u017enije publikacije.<\/em><\/strong><\/p>\n\n\n\n<p><em>Talent je \u010desto kori\u0161ten pojam u dru\u0161tvu i mo\u017ee se primjenjivati u vi\u0161e domena, uklju\u010duju\u0107i obrazovanje, glazbu i sport [1]. Identifikacija sportskog talenta je potraga za mladim sporta\u0161ima koji imaju potencijal postati elitni sporta\u0161i. Svi tradicionalni putevi razvoja sporta\u0161a dijele zajedni\u010dki cilj, identificirati i razviti pojedince s najve\u0107im dugoro\u010dnim potencijalom za uspjeh u elitnom natjecanju [2]. Maksimiziranje sportske izvedbe i potencijala u odabranim okru\u017eenjima konstantno je u fokusu sportske znanosti. Stoga svaki sport i sportska disciplina moraju imati normativne vrijednosti <\/em><em>razli\u010ditih tjelesnih karakteristika, uklju\u010duju\u0107i <\/em><em>morfolo\u0161k<\/em><em>e<\/em><em> karakteristik<\/em><em>e<\/em><em>, sastav tijela<\/em><em>, fizi\u010dku spremu i<\/em><em> pra\u0107enje rasta i razvoja mladih sporta\u0161a [3]. Prijavljeno je nekoliko studija povezanih s razli\u010ditim procesima identifikacije i razvoja talenata u sportu i kako treneri mogu prepoznati i pobolj\u0161ati identifikaciju i razvoj talenta. Pronala\u017eenje, regrutiranje i zadr\u017eavanje talenata globalni je izazov i posebno je relevantno za sportske klubove i nacionalne saveze [4]. Me\u0111utim, mnoga zapa\u017eanja sugeriraju da su trenutni modeli za otkrivanje talenata daleko od zadovoljavaju\u0107ih [5]. U posljednjim desetlje\u0107ima razvijeni su i primijenjeni razli\u010diti koncepti za prepoznavanje i identifikaciju sportskih talenata. Ranije je postojao poznat i \u010desto kritiziran model biv\u0161e Demokratske Republike Njema\u010dke, Australski model Australskog instituta za sport (AIS), koji je bio u usponu tijekom 1990-ih, modeli koji su se primjenjivali u Velikoj Britaniji ili Japanu itd. Brojni modeli potrage za talentima [6,7,8] temelje se na elitnim sporta\u0161ima kao proizvodu koji treba prona\u0107i i usavr\u0161iti pod pritiskom rokova kako bi se postigli vrhunski rezultati u najkra\u0107em mogu\u0107em vremenu. Na\u017ealost, ti sustavi zanemaruju eti\u010dku komponentu i interese mladih sporta\u0161a. Nedavne studije adresiraju demografski problem malih zemalja i prepoznaju primjer programa potrage za talentima AIS-a [9] predla\u017eu\u0107i model koji se sastoji od tri faze: a) Prva faza je potraga za talentima u \u0161kolama (detekcija talenta),b) Druga faza je napredno testiranje kombinirano sa sportsko-specifi\u010dnim testiranjem (identifikacija talenta, orijentacija), c) Tre\u0107a faza ima za cilj pra\u0107enje i razvoj talenata. Istra\u017eiva\u010di nagla\u0161avaju potrebu za razvojem u\u010dinkovitog sustava sposobnog za identifikaciju pravog sporta\u0161a u pravom okru\u017eenju. Jasno je da primjeri Kine i Ujedinjenog Kraljevstva nisu izvedivi za male zemlje poput Hrvatske ili Slovenije, (iako su neki poku\u0161aji bili napravljeni u Sloveniji [10]) tako da nam jo\u0161 uvijek nedostaje sustavna evaluacija selekcije talenata na nacionalnoj razini. Nizozemska i Kanada usvojile su model dugoro\u010dnog razvoja sporta\u0161a (LTAD) [11], koji se fokusira na sveobuhvatan razvoj sporta\u0161a. Ve\u0107ina istra\u017eivanja talenata koristi generi\u010dke terenske testove i studije popre\u010dnog dizajna koje se fokusiraju na razlike izme\u0111u elitnih i neelitnih: badminton [12], ko\u0161arka [13], gimnastika [14], rukomet [15], judo [16], ragbi 17], odbojka [18], vaterpolo [19] i plivanje [20]. Douglas [21] je dizajnirao sustav talenata za Katar, s ciljem evoluacije svakog dje\u010daka kako bi se djeca s viso<\/em><em>k<\/em><em>im postignu\u0107ima usmjerila prema Aspire akademiji. Sustav uklju\u010duje iste tri faze kao i AIS model. Japanski model [22] nudi nove dimenzije u podru\u010dju talenata u sportu. Sustav, koji uklju\u010duje detekcij talenata, identifikaciju talenata i prijenos talenata, rezultirao je s 700 odabranih sporta\u0161a za 12 regionalnih centara. Me\u0111utim, znanstvenici iz podru\u010dja sporta ne sla\u017eu se u svojoj ocjeni modela koji se koriste u praksi [23]. U svoj kompleksnosti i sveobuhvatnosti podru\u010dja detekcije, <\/em><em>identifikacije<\/em><em> <\/em><em>i razvoja sportskih talenata globalnu pozornost znanstvene zajednice posljednjih godina privla\u010de i 3 znanstvene teme koje su predmet interesa na\u0161eg projektnog prijedloga:<\/em><\/p>\n\n\n\n<p><\/p>\n\n\n\n<p><a href=\"https:\/\/bkrd.kifst.hr\/?page_id=78\" data-type=\"URL\" data-id=\"https:\/\/bkrd.kifst.hr\/?page_id=78\">&gt;&gt;&gt; Teme\/Hipoteze<\/a><\/p>\n","protected":false},"excerpt":{"rendered":"<p>Istra\u017eiva\u010dko pitanje, state-of-the-art u temi istra\u017eivanja i najva\u017enije publikacije. Talent je \u010desto kori\u0161ten pojam u dru\u0161tvu i mo\u017ee se primjenjivati u vi\u0161e domena, uklju\u010duju\u0107i obrazovanje, glazbu i sport [1]. Identifikacija sportskog talenta je potraga za mladim sporta\u0161ima koji imaju potencijal postati elitni sporta\u0161i. Svi tradicionalni putevi razvoja sporta\u0161a dijele zajedni\u010dki&#8230;<\/p>\n","protected":false},"author":1,"featured_media":0,"parent":0,"menu_order":0,"comment_status":"closed","ping_status":"closed","template":"","meta":{"footnotes":""},"class_list":["post-173","page","type-page","status-publish","hentry"],"_links":{"self":[{"href":"https:\/\/twinswins.kifst.hr\/index.php?rest_route=\/wp\/v2\/pages\/173","targetHints":{"allow":["GET"]}}],"collection":[{"href":"https:\/\/twinswins.kifst.hr\/index.php?rest_route=\/wp\/v2\/pages"}],"about":[{"href":"https:\/\/twinswins.kifst.hr\/index.php?rest_route=\/wp\/v2\/types\/page"}],"author":[{"embeddable":true,"href":"https:\/\/twinswins.kifst.hr\/index.php?rest_route=\/wp\/v2\/users\/1"}],"replies":[{"embeddable":true,"href":"https:\/\/twinswins.kifst.hr\/index.php?rest_route=%2Fwp%2Fv2%2Fcomments&post=173"}],"version-history":[{"count":6,"href":"https:\/\/twinswins.kifst.hr\/index.php?rest_route=\/wp\/v2\/pages\/173\/revisions"}],"predecessor-version":[{"id":812,"href":"https:\/\/twinswins.kifst.hr\/index.php?rest_route=\/wp\/v2\/pages\/173\/revisions\/812"}],"wp:attachment":[{"href":"https:\/\/twinswins.kifst.hr\/index.php?rest_route=%2Fwp%2Fv2%2Fmedia&parent=173"}],"curies":[{"name":"wp","href":"https:\/\/api.w.org\/{rel}","templated":true}]}}