{"id":123,"date":"2021-03-11T06:42:32","date_gmt":"2021-03-11T06:42:32","guid":{"rendered":"https:\/\/bkrd.kifst.hr\/?page_id=123"},"modified":"2026-01-11T20:42:02","modified_gmt":"2026-01-11T20:42:02","slug":"psiholoski-tim","status":"publish","type":"page","link":"https:\/\/twinswins.kifst.hr\/?page_id=123","title":{"rendered":"Koordinatori \/Ambasadori"},"content":{"rendered":"\n<figure class=\"wp-block-table\"><table><tbody><tr><td><img loading=\"lazy\" decoding=\"async\" width=\"150\" height=\"194\" class=\"wp-image-375\" style=\"width: 150px;\" src=\"https:\/\/bkrd.kifst.hr\/wp-content\/uploads\/2021\/03\/MMilic.jpg\" alt=\"\" srcset=\"https:\/\/twinswins.kifst.hr\/wp-content\/uploads\/2021\/03\/MMilic.jpg 453w, https:\/\/twinswins.kifst.hr\/wp-content\/uploads\/2021\/03\/MMilic-232x300.jpg 232w\" sizes=\"auto, (max-width: 150px) 100vw, 150px\" \/><br><strong>dr. sc Mirjana Mili\u0107<\/strong><br>Koordinator HOS<\/td><td><img loading=\"lazy\" decoding=\"async\" width=\"300\" height=\"101\" class=\"wp-image-246\" style=\"width: 300px;\" src=\"https:\/\/bkrd.kifst.hr\/wp-content\/uploads\/2021\/03\/HOS-logo.png\" alt=\"\" srcset=\"https:\/\/twinswins.kifst.hr\/wp-content\/uploads\/2021\/03\/HOS-logo.png 740w, https:\/\/twinswins.kifst.hr\/wp-content\/uploads\/2021\/03\/HOS-logo-300x101.png 300w\" sizes=\"auto, (max-width: 300px) 100vw, 300px\" \/><\/td><td><br><img loading=\"lazy\" decoding=\"async\" width=\"150\" height=\"246\" class=\"wp-image-376\" style=\"width: 150px;\" src=\"https:\/\/bkrd.kifst.hr\/wp-content\/uploads\/2021\/03\/Samanta-Fabris.jpg\" alt=\"\" srcset=\"https:\/\/twinswins.kifst.hr\/wp-content\/uploads\/2021\/03\/Samanta-Fabris.jpg 710w, https:\/\/twinswins.kifst.hr\/wp-content\/uploads\/2021\/03\/Samanta-Fabris-183x300.jpg 183w, https:\/\/twinswins.kifst.hr\/wp-content\/uploads\/2021\/03\/Samanta-Fabris-624x1024.jpg 624w\" sizes=\"auto, (max-width: 150px) 100vw, 150px\" \/><br><strong>Samanta Fabris<\/strong><br>Ambasador Odbojke<\/td><\/tr><tr><td><br><br><br><br>Koordinator HKS<\/td><td><img loading=\"lazy\" decoding=\"async\" width=\"300\" height=\"200\" class=\"wp-image-245\" style=\"width: 300px;\" src=\"https:\/\/bkrd.kifst.hr\/wp-content\/uploads\/2021\/03\/hks-logo.jpg\" alt=\"\" srcset=\"https:\/\/twinswins.kifst.hr\/wp-content\/uploads\/2021\/03\/hks-logo.jpg 900w, https:\/\/twinswins.kifst.hr\/wp-content\/uploads\/2021\/03\/hks-logo-300x200.jpg 300w, https:\/\/twinswins.kifst.hr\/wp-content\/uploads\/2021\/03\/hks-logo-768x512.jpg 768w\" sizes=\"auto, (max-width: 300px) 100vw, 300px\" \/><\/td><td><img loading=\"lazy\" decoding=\"async\" width=\"150\" height=\"215\" class=\"wp-image-378\" style=\"width: 150px;\" src=\"https:\/\/bkrd.kifst.hr\/wp-content\/uploads\/2021\/03\/Vedrana-Grgin.png\" alt=\"\" srcset=\"https:\/\/twinswins.kifst.hr\/wp-content\/uploads\/2021\/03\/Vedrana-Grgin.png 496w, https:\/\/twinswins.kifst.hr\/wp-content\/uploads\/2021\/03\/Vedrana-Grgin-210x300.png 210w\" sizes=\"auto, (max-width: 150px) 100vw, 150px\" \/><br><strong>Vedrana Grgin<\/strong><br>Ambasador Ko\u0161arke<\/td><\/tr><tr><td><img loading=\"lazy\" decoding=\"async\" width=\"150\" height=\"182\" class=\"wp-image-395\" style=\"width: 150px;\" src=\"https:\/\/bkrd.kifst.hr\/wp-content\/uploads\/2021\/03\/Lino-C\u030cervar.png\" alt=\"\" srcset=\"https:\/\/twinswins.kifst.hr\/wp-content\/uploads\/2021\/03\/Lino-C\u030cervar.png 418w, https:\/\/twinswins.kifst.hr\/wp-content\/uploads\/2021\/03\/Lino-C\u030cervar-247x300.png 247w\" sizes=\"auto, (max-width: 150px) 100vw, 150px\" \/><br><strong>Lino \u010cervar<\/strong><br>Koordinator HRS<\/td><td><img loading=\"lazy\" decoding=\"async\" width=\"300\" height=\"143\" class=\"wp-image-247\" style=\"width: 300px;\" src=\"https:\/\/bkrd.kifst.hr\/wp-content\/uploads\/2021\/03\/HRS-logo.png\" alt=\"\"><\/td><td><img loading=\"lazy\" decoding=\"async\" width=\"150\" height=\"208\" class=\"wp-image-397\" style=\"width: 150px;\" src=\"https:\/\/bkrd.kifst.hr\/wp-content\/uploads\/2021\/03\/Igor-Vori.png\" alt=\"\" srcset=\"https:\/\/twinswins.kifst.hr\/wp-content\/uploads\/2021\/03\/Igor-Vori.png 654w, https:\/\/twinswins.kifst.hr\/wp-content\/uploads\/2021\/03\/Igor-Vori-217x300.png 217w\" sizes=\"auto, (max-width: 150px) 100vw, 150px\" \/><br><strong>Igor Vori<\/strong><br>Ambasador Rukometa<\/td><\/tr><tr><td><img loading=\"lazy\" decoding=\"async\" width=\"150\" height=\"222\" class=\"wp-image-384\" style=\"width: 150px;\" src=\"https:\/\/bkrd.kifst.hr\/wp-content\/uploads\/2021\/03\/Jelena-Marot.png\" alt=\"\" srcset=\"https:\/\/twinswins.kifst.hr\/wp-content\/uploads\/2021\/03\/Jelena-Marot.png 322w, https:\/\/twinswins.kifst.hr\/wp-content\/uploads\/2021\/03\/Jelena-Marot-203x300.png 203w\" sizes=\"auto, (max-width: 150px) 100vw, 150px\" \/><br><strong>Jelena Marot<\/strong><br>Koordinator HTS<br><\/td><td><img loading=\"lazy\" decoding=\"async\" width=\"300\" height=\"146\" class=\"wp-image-248\" style=\"width: 300px;\" src=\"https:\/\/bkrd.kifst.hr\/wp-content\/uploads\/2021\/03\/HTS.jpg\" alt=\"\" srcset=\"https:\/\/twinswins.kifst.hr\/wp-content\/uploads\/2021\/03\/HTS.jpg 634w, https:\/\/twinswins.kifst.hr\/wp-content\/uploads\/2021\/03\/HTS-300x146.jpg 300w\" sizes=\"auto, (max-width: 300px) 100vw, 300px\" \/><\/td><td><img loading=\"lazy\" decoding=\"async\" width=\"150\" height=\"237\" class=\"wp-image-380\" style=\"width: 150px;\" src=\"https:\/\/bkrd.kifst.hr\/wp-content\/uploads\/2021\/03\/Matea-Jelic\u0301.png\" alt=\"\" srcset=\"https:\/\/twinswins.kifst.hr\/wp-content\/uploads\/2021\/03\/Matea-Jelic\u0301.png 712w, https:\/\/twinswins.kifst.hr\/wp-content\/uploads\/2021\/03\/Matea-Jelic\u0301-190x300.png 190w, https:\/\/twinswins.kifst.hr\/wp-content\/uploads\/2021\/03\/Matea-Jelic\u0301-649x1024.png 649w\" sizes=\"auto, (max-width: 150px) 100vw, 150px\" \/><br><strong>Matea Jeli\u0107<\/strong><br>Ambasador Taekwondo-a<\/td><\/tr><tr><td><strong>Ivana Jerkovi\u0107<\/strong><br>Koordinator HPS<\/td><td><img loading=\"lazy\" decoding=\"async\" width=\"300\" height=\"166\" class=\"wp-image-252\" style=\"width: 300px;\" src=\"https:\/\/bkrd.kifst.hr\/wp-content\/uploads\/2021\/03\/HPS-logo.png\" alt=\"\"><\/td><td><strong> Marin Mogi\u0107<\/strong><br>Ambasador Plivanja<\/td><\/tr><\/tbody><\/table><\/figure>\n\n\n\n<p><\/p>\n","protected":false},"excerpt":{"rendered":"<p>dr. sc Mirjana Mili\u0107Koordinator HOS Samanta FabrisAmbasador Odbojke Koordinator HKS Vedrana GrginAmbasador Ko\u0161arke Lino \u010cervarKoordinator HRS Igor VoriAmbasador Rukometa Jelena MarotKoordinator HTS Matea Jeli\u0107Ambasador Taekwondo-a Ivana Jerkovi\u0107Koordinator HPS Marin Mogi\u0107Ambasador Plivanja<\/p>\n","protected":false},"author":1,"featured_media":0,"parent":0,"menu_order":0,"comment_status":"closed","ping_status":"closed","template":"","meta":{"footnotes":""},"class_list":["post-123","page","type-page","status-publish","hentry"],"_links":{"self":[{"href":"https:\/\/twinswins.kifst.hr\/index.php?rest_route=\/wp\/v2\/pages\/123","targetHints":{"allow":["GET"]}}],"collection":[{"href":"https:\/\/twinswins.kifst.hr\/index.php?rest_route=\/wp\/v2\/pages"}],"about":[{"href":"https:\/\/twinswins.kifst.hr\/index.php?rest_route=\/wp\/v2\/types\/page"}],"author":[{"embeddable":true,"href":"https:\/\/twinswins.kifst.hr\/index.php?rest_route=\/wp\/v2\/users\/1"}],"replies":[{"embeddable":true,"href":"https:\/\/twinswins.kifst.hr\/index.php?rest_route=%2Fwp%2Fv2%2Fcomments&post=123"}],"version-history":[{"count":16,"href":"https:\/\/twinswins.kifst.hr\/index.php?rest_route=\/wp\/v2\/pages\/123\/revisions"}],"predecessor-version":[{"id":760,"href":"https:\/\/twinswins.kifst.hr\/index.php?rest_route=\/wp\/v2\/pages\/123\/revisions\/760"}],"wp:attachment":[{"href":"https:\/\/twinswins.kifst.hr\/index.php?rest_route=%2Fwp%2Fv2%2Fmedia&parent=123"}],"curies":[{"name":"wp","href":"https:\/\/api.w.org\/{rel}","templated":true}]}}